{"id":397,"date":"2021-04-16T13:17:24","date_gmt":"2021-04-16T13:17:24","guid":{"rendered":"http:\/\/iag-heinlein.de\/?page_id=397"},"modified":"2021-06-28T06:32:45","modified_gmt":"2021-06-28T06:32:45","slug":"karriere","status":"publish","type":"page","link":"http:\/\/iag-heinlein.de\/?page_id=397","title":{"rendered":"KARRIERE"},"content":{"rendered":"<p>[et_pb_section fb_built=&#8220;1&#8243; admin_label=&#8220;Header&#8220; _builder_version=&#8220;4.4.4&#8243; use_background_color_gradient=&#8220;on&#8220; background_color_gradient_start=&#8220;rgba(0,6,10,0.54)&#8220; background_color_gradient_end=&#8220;rgba(0,0,0,0.87)&#8220; background_color_gradient_direction=&#8220;122deg&#8220; background_color_gradient_start_position=&#8220;65%&#8220; background_color_gradient_end_position=&#8220;60%&#8220; background_color_gradient_overlays_image=&#8220;on&#8220; background_image=&#8220;http:\/\/iag-heinlein.de\/wp-content\/uploads\/2020\/04\/Mint_2_new-scaled.jpg&#8220; background_position=&#8220;center_left&#8220; height=&#8220;400px&#8220; custom_padding=&#8220;0vw|0px|0vw|0px|true|false&#8220; bottom_divider_style=&#8220;wave2&#8243; bottom_divider_color=&#8220;#ffffff&#8220; bottom_divider_height=&#8220;65px&#8220; bottom_divider_flip=&#8220;horizontal&#8220; border_width_bottom=&#8220;-2px&#8220; border_color_bottom=&#8220;#fce52f&#8220; top_divider_height__hover_enabled=&#8220;off|desktop&#8220;][et_pb_row _builder_version=&#8220;4.4.4&#8243; custom_padding=&#8220;244px|||||&#8220;][et_pb_column type=&#8220;4_4&#8243; _builder_version=&#8220;4.4.4&#8243;][et_pb_text _builder_version=&#8220;4.7.7&#8243; header_text_align=&#8220;left&#8220; header_text_color=&#8220;#ffffff&#8220;]<\/p>\n<h1 style=\"text-align: right;\">KARRIERE<\/h1>\n<p>[\/et_pb_text][\/et_pb_column][\/et_pb_row][\/et_pb_section][et_pb_section fb_built=&#8220;1&#8243; admin_label=&#8220;Contacts&#8220; _builder_version=&#8220;4.4.4&#8243; background_color=&#8220;#ffffff&#8220; custom_margin=&#8220;1px|||||&#8220; custom_padding=&#8220;26px|||||&#8220;][et_pb_row _builder_version=&#8220;4.7.7&#8243; hover_enabled=&#8220;0&#8243; column_structure=&#8220;1_2,1_2&#8243; sticky_enabled=&#8220;0&#8243;][et_pb_column type=&#8220;1_2&#8243; _builder_version=&#8220;4.4.4&#8243;][et_pb_text _builder_version=&#8220;4.7.7&#8243; hover_enabled=&#8220;0&#8243; sticky_enabled=&#8220;0&#8243;]<\/p>\n<h2 class=\"card-title\"><strong>Stellenbeschreibung:<\/strong><\/h2>\n<h2 class=\"card-title\">Steuerungstechniker\/SPS- Programmierer<\/h2>\n<p>[\/et_pb_text][et_pb_text _builder_version=&#8220;4.7.7&#8243; text_font_size=&#8220;16px&#8220;]<\/p>\n<div class=\"card-text\">\n<p><strong>Ihre Aufgaben:<\/strong><\/p>\n<ul>\n<li>Software-Projektierung von Sondermaschinen und Anlagen<\/li>\n<li>Zusammenarbeit mit mechanischer Konstruktion<\/li>\n<li>Steuerung und Software OMRON &#8211; SPS Siemens<\/li>\n<li>Inbetriebnahme beim Kunden vor Ort sowie die Einweisung von Bedienern<\/li>\n<li>Dokumentationserstellung mit Funktionsbeschreibung<\/li>\n<li>Elektrokonstruktion E-Plan<\/li>\n<\/ul>\n<p>&nbsp;<\/p>\n<p><strong>Wir bieten Ihnen:<\/strong><\/p>\n<ul>\n<li>Eigenverantwortung<\/li>\n<li>Einbringung von Ideen und Innovationen<\/li>\n<li>Flexible Arbeitszeitmodelle<\/li>\n<li>Famili\u00e4re Atmosph\u00e4re<\/li>\n<\/ul>\n<p>&nbsp;<\/p>\n<p><strong>Das bringen Sie mit:<\/strong><\/p>\n<ul>\n<li>Mehrere Jahre Berufserfahrung im Sondermaschinen- oder Anlagenbau<\/li>\n<li>Erfahrung in der Automatisierungstechnik<\/li>\n<li>Erfolgreich abgeschlossenes Studium im Bereich Automatisierungstechnik oder staatlich gepr\u00fcfter Elektrotechniker<\/li>\n<li>Zuverl\u00e4ssigkeit und Eigenverantwortung<\/li>\n<li>Strukturierte Arbeitsweise<\/li>\n<li>Leistungs- und Reisebereitschaft<\/li>\n<\/ul>\n<p>&nbsp;<\/p>\n<p><strong>Bewerben und mit uns durchstarten: <a href=\"mailto:info@iag-heinlein.de\">info@iag-heinlein.de<\/a><br \/> <\/strong><\/p>\n<p><strong><\/strong><\/p>\n<div class=\"et_pb_column et_pb_column_4_4 et_pb_column_2  et_pb_css_mix_blend_mode_passthrough et-last-child\">\n<div class=\"et_pb_module et_pb_text et_pb_text_7  et_pb_text_align_left et_pb_bg_layout_light\">\n<div class=\"et_pb_text_inner\">\n<p>Aus Gr\u00fcnden der leichteren Lesbarkeit verwenden wir im Textverlauf die m\u00e4nnliche Form der Anrede. Selbstverst\u00e4ndlich sind bei uns Menschen jeder Geschlechtsidentit\u00e4t willkommen.<\/p>\n<p>Aktualisiert: 28.06.2021<\/p>\n<\/div>\n<\/div>\n<\/div>\n<\/div>\n<p>[\/et_pb_text][\/et_pb_column][et_pb_column type=&#8220;1_2&#8243; _builder_version=&#8220;4.4.4&#8243;][et_pb_text _builder_version=&#8220;4.7.7&#8243; hover_enabled=&#8220;0&#8243; sticky_enabled=&#8220;0&#8243;]<\/p>\n<h2 class=\"card-title\"><strong>Stellenbeschreibung<\/strong> :<\/h2>\n<h2 class=\"card-title\">Technischer Sachbearbeiter<\/h2>\n<p>&nbsp;<\/p>\n<p>[\/et_pb_text][et_pb_text _builder_version=&#8220;4.7.7&#8243; text_font_size=&#8220;16px&#8220;]<\/p>\n<div class=\"card-text\">\n<p><strong>Ihre Aufgaben:<\/strong><\/p>\n<ul>\n<li>Arbeitsvorbereitung<\/li>\n<li>Lieferantenmanagement (Einkauf)<\/li>\n<li>Projektunterst\u00fctzung<\/li>\n<li>Kundenbetreuung<\/li>\n<li>B\u00fcrot\u00e4tigkeiten<\/li>\n<\/ul>\n<p>&nbsp;<\/p>\n<p><strong>Wir bieten Ihnen:<\/strong><\/p>\n<ul>\n<li>Eigenverantwortung<\/li>\n<li>Einbringung von Ideen und Innovationen<\/li>\n<li>Flexible Arbeitszeitmodelle<\/li>\n<li>Famili\u00e4re Atmosph\u00e4re<\/li>\n<\/ul>\n<p>&nbsp;<\/p>\n<p><strong>Das bringen Sie mit:<\/strong><\/p>\n<ul>\n<li>Mehrere Jahre Erfahrung in der Abwicklung von Kundenauftr\u00e4gen<\/li>\n<li>Mehrere Jahre Erfahrung im Bereich Einkauf<\/li>\n<li>Vertriebskenntnisse von Vorteil<\/li>\n<li>Erfolgreiche Ausbildung zum Industriekaufmann<\/li>\n<li>Betriebswirt \/ Fachwirt von Vorteil<\/li>\n<li>Zuverl\u00e4ssigkeit und Eigenverantwortung<\/li>\n<li>Strukturierte Arbeitsweise<\/li>\n<\/ul>\n<p>&nbsp;<\/p>\n<p><strong>Bewerben und mit uns durchstarten: <a href=\"mailto:info@iag-heinlein.de\">info@iag-heinlein.de<\/a><br \/> <\/strong><\/p>\n<p><strong><\/strong><\/p>\n<div class=\"et_pb_column et_pb_column_4_4 et_pb_column_2  et_pb_css_mix_blend_mode_passthrough et-last-child\">\n<div class=\"et_pb_module et_pb_text et_pb_text_7  et_pb_text_align_left et_pb_bg_layout_light\">\n<div class=\"et_pb_text_inner\">\n<p>Aus Gr\u00fcnden der leichteren Lesbarkeit verwenden wir im Textverlauf die m\u00e4nnliche Form der Anrede. Selbstverst\u00e4ndlich sind bei uns Menschen jeder Geschlechtsidentit\u00e4t willkommen.<\/p>\n<p>Aktualisiert: 28.06.2021<\/p>\n<\/div>\n<\/div>\n<\/div>\n<\/div>\n<p>[\/et_pb_text][\/et_pb_column][\/et_pb_row][\/et_pb_section][et_pb_section fb_built=&#8220;1&#8243; admin_label=&#8220;Footer&#8220; _builder_version=&#8220;4.4.4&#8243; background_color=&#8220;#18252c&#8220; background_color_gradient_direction=&#8220;120deg&#8220; custom_padding=&#8220;83px|0px|80px|0px|false|false&#8220; border_color_all=&#8220;#18252c&#8220; border_color_top=&#8220;#fce52f&#8220; global_module=&#8220;167&#8243; saved_tabs=&#8220;all&#8220;][et_pb_row column_structure=&#8220;3_4,1_4&#8243; _builder_version=&#8220;4.4.4&#8243;][et_pb_column type=&#8220;3_4&#8243; _builder_version=&#8220;4.4.4&#8243; custom_padding=&#8220;|0px||0px&#8220; custom_padding__hover=&#8220;|||&#8220;][et_pb_text _builder_version=&#8220;4.4.4&#8243; text_font=&#8220;Open Sans||||||||&#8220; header_font=&#8220;||||||||&#8220; header_2_font=&#8220;Arial|600|||||||&#8220; header_2_font_size=&#8220;40px&#8220; background_layout=&#8220;dark&#8220; custom_padding=&#8220;||0px|||&#8220; header_2_font_size_tablet=&#8220;35px&#8220; header_2_font_size_phone=&#8220;25px&#8220; header_2_font_size_last_edited=&#8220;on|phone&#8220;]<\/p>\n<h2>Kontakt<\/h2>\n<p>&nbsp;<\/p>\n<p><strong>IAG Heinlein mbH<\/strong><\/p>\n<p>Leichtwiesen 4<\/p>\n<p>71576 Burgstetten<\/p>\n<p>Fon: +49 (0) 7191 343370<\/p>\n<p>Fax: + 49 (0) 7191 3433710<\/p>\n<p>Mail: info@iag-heinlein.de<\/p>\n<p>HRB: 772874<\/p>\n<p>[\/et_pb_text][\/et_pb_column][et_pb_column type=&#8220;1_4&#8243; _builder_version=&#8220;3.25&#8243; custom_padding=&#8220;|||&#8220; custom_padding__hover=&#8220;|||&#8220;][et_pb_image src=&#8220;http:\/\/iag-heinlein.de\/wp-content\/uploads\/2020\/04\/Logo_Trans-per.png&#8220; title_text=&#8220;Logo_Trans per&#8220; _builder_version=&#8220;4.4.4&#8243; width=&#8220;100%&#8220; max_width=&#8220;107%&#8220; max_width_tablet=&#8220;53%&#8220; max_width_phone=&#8220;54%&#8220; max_width_last_edited=&#8220;on|tablet&#8220; module_alignment_tablet=&#8220;center&#8220; module_alignment_phone=&#8220;center&#8220; module_alignment_last_edited=&#8220;on|phone&#8220;][\/et_pb_image][et_pb_menu submenu_direction=&#8220;downwards&#8220; active_link_color=&#8220;#fce52f&#8220; logo_max_height=&#8220;200px&#8220; _builder_version=&#8220;4.4.4&#8243; menu_text_color=&#8220;#ffffff&#8220; menu_font_size=&#8220;16px&#8220; menu_line_height=&#8220;1.6em&#8220; background_color=&#8220;rgba(0,0,0,0)&#8220; text_orientation=&#8220;right&#8220; width=&#8220;89%&#8220; module_alignment=&#8220;left&#8220; scroll_vertical_motion_enable=&#8220;on&#8220; scroll_vertical_motion=&#8220;0|49|49|100|4|0|-4&#8243;][\/et_pb_menu][\/et_pb_column][\/et_pb_row][\/et_pb_section]<\/p>\n","protected":false},"excerpt":{"rendered":"<p>[et_pb_section fb_built=&#8220;1&#8243; admin_label=&#8220;Header&#8220; _builder_version=&#8220;4.4.4&#8243; use_background_color_gradient=&#8220;on&#8220; background_color_gradient_start=&#8220;rgba(0,6,10,0.54)&#8220; background_color_gradient_end=&#8220;rgba(0,0,0,0.87)&#8220; background_color_gradient_direction=&#8220;122deg&#8220; background_color_gradient_start_position=&#8220;65%&#8220; background_color_gradient_end_position=&#8220;60%&#8220; background_color_gradient_overlays_image=&#8220;on&#8220; background_image=&#8220;http:\/\/iag-heinlein.de\/wp-content\/uploads\/2020\/04\/Mint_2_new-scaled.jpg&#8220; background_position=&#8220;center_left&#8220; height=&#8220;400px&#8220; custom_padding=&#8220;0vw|0px|0vw|0px|true|false&#8220; bottom_divider_style=&#8220;wave2&#8243; bottom_divider_color=&#8220;#ffffff&#8220; bottom_divider_height=&#8220;65px&#8220; bottom_divider_flip=&#8220;horizontal&#8220; border_width_bottom=&#8220;-2px&#8220; border_color_bottom=&#8220;#fce52f&#8220; top_divider_height__hover_enabled=&#8220;off|desktop&#8220;][et_pb_row _builder_version=&#8220;4.4.4&#8243; custom_padding=&#8220;244px|||||&#8220;][et_pb_column type=&#8220;4_4&#8243; _builder_version=&#8220;4.4.4&#8243;][et_pb_text _builder_version=&#8220;4.7.7&#8243; header_text_align=&#8220;left&#8220; header_text_color=&#8220;#ffffff&#8220;] KARRIERE [\/et_pb_text][\/et_pb_column][\/et_pb_row][\/et_pb_section][et_pb_section fb_built=&#8220;1&#8243; admin_label=&#8220;Contacts&#8220; _builder_version=&#8220;4.4.4&#8243; background_color=&#8220;#ffffff&#8220; custom_margin=&#8220;1px|||||&#8220; custom_padding=&#8220;26px|||||&#8220;][et_pb_row _builder_version=&#8220;4.7.7&#8243; hover_enabled=&#8220;0&#8243; column_structure=&#8220;1_2,1_2&#8243; sticky_enabled=&#8220;0&#8243;][et_pb_column type=&#8220;1_2&#8243; _builder_version=&#8220;4.4.4&#8243;][et_pb_text _builder_version=&#8220;4.7.7&#8243; hover_enabled=&#8220;0&#8243; sticky_enabled=&#8220;0&#8243;] Stellenbeschreibung: Steuerungstechniker\/SPS- Programmierer [\/et_pb_text][et_pb_text _builder_version=&#8220;4.7.7&#8243; text_font_size=&#8220;16px&#8220;] Ihre Aufgaben: Software-Projektierung [&hellip;]<\/p>\n","protected":false},"author":1,"featured_media":0,"parent":0,"menu_order":0,"comment_status":"closed","ping_status":"closed","template":"","meta":{"_et_pb_use_builder":"on","_et_pb_old_content":"","_et_gb_content_width":"","_mi_skip_tracking":false},"_links":{"self":[{"href":"http:\/\/iag-heinlein.de\/index.php?rest_route=\/wp\/v2\/pages\/397"}],"collection":[{"href":"http:\/\/iag-heinlein.de\/index.php?rest_route=\/wp\/v2\/pages"}],"about":[{"href":"http:\/\/iag-heinlein.de\/index.php?rest_route=\/wp\/v2\/types\/page"}],"author":[{"embeddable":true,"href":"http:\/\/iag-heinlein.de\/index.php?rest_route=\/wp\/v2\/users\/1"}],"replies":[{"embeddable":true,"href":"http:\/\/iag-heinlein.de\/index.php?rest_route=%2Fwp%2Fv2%2Fcomments&post=397"}],"version-history":[{"count":6,"href":"http:\/\/iag-heinlein.de\/index.php?rest_route=\/wp\/v2\/pages\/397\/revisions"}],"predecessor-version":[{"id":409,"href":"http:\/\/iag-heinlein.de\/index.php?rest_route=\/wp\/v2\/pages\/397\/revisions\/409"}],"wp:attachment":[{"href":"http:\/\/iag-heinlein.de\/index.php?rest_route=%2Fwp%2Fv2%2Fmedia&parent=397"}],"curies":[{"name":"wp","href":"https:\/\/api.w.org\/{rel}","templated":true}]}}